{"id":381,"date":"2015-08-29T21:13:43","date_gmt":"2015-08-29T18:13:43","guid":{"rendered":"http:\/\/www.vassiveretraktor.ee\/?page_id=381"},"modified":"2018-08-24T18:25:25","modified_gmt":"2018-08-24T15:25:25","slug":"kontakt","status":"publish","type":"page","link":"https:\/\/vassiveretraktor.ee\/?page_id=381","title":{"rendered":"Kontakt"},"content":{"rendered":"<p><strong>Informatsioon ja tellimine:<\/strong><\/p>\n<p><strong>Aavo J\u00f5gi \u00a0 \u00a0 tel: 50 35 766<\/strong><br \/>\n<span style=\"color: #008000;\"><a style=\"color: #008000;\" href=\"vassivere.traktor@gmail.com\" target=\"_blank\">vassivere.traktor@gmail.com<\/a><\/span><\/p>\n<p><strong>Vassivere Traktor O\u00dc<\/strong><br \/>\nreg: \u00a0 12368432<br \/>\nKMKR.nr: \u00a0EE101654708<br \/>\nJuhatuse esimees: \u00a0 Aavo J\u00f5gi<br \/>\n<strong><em>Aadress:<\/em><\/strong><br \/>\n<em>Vassivere k\u00fcla<\/em><br \/>\n<em>Vinni vald<\/em><br \/>\n<em>46519 L\u00e4\u00e4ne-Virumaa<\/em><\/p>\n","protected":false},"excerpt":{"rendered":"<p>Informatsioon ja tellimine: Aavo J\u00f5gi \u00a0 \u00a0 tel: 50 35 766 vassivere.traktor@gmail.com Vassivere Traktor O\u00dc reg: \u00a0 12368432 KMKR.nr: \u00a0EE101654708 Juhatuse esimees: \u00a0 Aavo J\u00f5gi Aadress: Vassivere k\u00fcla Vinni vald 46519 L\u00e4\u00e4ne-Virumaa<\/p>\n","protected":false},"author":1,"featured_media":0,"parent":0,"menu_order":0,"comment_status":"closed","ping_status":"open","template":"","meta":{"footnotes":""},"class_list":["post-381","page","type-page","status-publish","hentry"],"_links":{"self":[{"href":"https:\/\/vassiveretraktor.ee\/index.php?rest_route=\/wp\/v2\/pages\/381"}],"collection":[{"href":"https:\/\/vassiveretraktor.ee\/index.php?rest_route=\/wp\/v2\/pages"}],"about":[{"href":"https:\/\/vassiveretraktor.ee\/index.php?rest_route=\/wp\/v2\/types\/page"}],"author":[{"embeddable":true,"href":"https:\/\/vassiveretraktor.ee\/index.php?rest_route=\/wp\/v2\/users\/1"}],"replies":[{"embeddable":true,"href":"https:\/\/vassiveretraktor.ee\/index.php?rest_route=%2Fwp%2Fv2%2Fcomments&post=381"}],"version-history":[{"count":21,"href":"https:\/\/vassiveretraktor.ee\/index.php?rest_route=\/wp\/v2\/pages\/381\/revisions"}],"predecessor-version":[{"id":507,"href":"https:\/\/vassiveretraktor.ee\/index.php?rest_route=\/wp\/v2\/pages\/381\/revisions\/507"}],"wp:attachment":[{"href":"https:\/\/vassiveretraktor.ee\/index.php?rest_route=%2Fwp%2Fv2%2Fmedia&parent=381"}],"curies":[{"name":"wp","href":"https:\/\/api.w.org\/{rel}","templated":true}]}}