{"id":400,"date":"2015-08-29T21:36:00","date_gmt":"2015-08-29T18:36:00","guid":{"rendered":"http:\/\/www.vassiveretraktor.ee\/?page_id=400"},"modified":"2020-01-11T23:00:25","modified_gmt":"2020-01-11T21:00:25","slug":"kanalisatsioon-septik-mahuti-veetrass-biopuhasti-kopatood-kaevetoodtransporttood","status":"publish","type":"page","link":"https:\/\/vassiveretraktor.ee\/","title":{"rendered":"Ettev\u00f5ttest"},"content":{"rendered":"<p><strong><em>\u00dcldist<\/em><\/strong><br \/>\n<em>Vassivere Traktor O\u00dc m\u00fc\u00fcb ja paigaldab septikuid, biopuhasteid, mahuteid, rajab vee- ja kanalisatsioonitrasse . Firma tugineb rasketehnikale ning mille p\u00f5hiv\u00f5imsuse moodustavad masinad. Firma tegeleb peamiselt planeer- ja kaevamist\u00f6\u00f6dega, kuid pakutavate v\u00f5imaluste hulka mahuvad ka teede ja platside rajamine ja transpordit\u00f6\u00f6d.<\/em><\/p>\n<p><strong><em>Ettev\u00f5tte andmed<\/em><\/strong><br \/>\n<em>Vassivere Traktor O\u00dc<\/em><br \/>\n<em>Juhatuse esimees: Aavo J\u00f5gi<\/em><br \/>\n<em>Tel: 50 35 766<\/em><br \/>\n<em>Reg: 12368432<\/em><br \/>\n<em>KMKR.nr: EE101654708<\/em><br \/>\n<em>Asutatud 25.10.2012<\/em><\/p>\n<p><strong><em>Firma ajalugu<\/em><\/strong><br \/>\n<em>P\u00e4rast seda, kui osteti oma tarbeks esimene Jumz t\u00fc\u00fcpi kaevekopp, hakkasid \u00fcmberkaudsed inimesed pakutavate teenuste ja v\u00f5imaluste vastu huvi tundma. Algselt polnudki plaanis kopaga teenust osutada, kuid kuna huvi oli suur, siis juba m\u00f5ne aasta p\u00e4rast muretseti l\u00e4\u00e4ne-t\u00fc\u00fcpi rataslaadur-kopp, sest iganenud tehnikaga polnud v\u00f5imalik k\u00f5iki soove rahuldada. T\u00f6\u00f6mahu kasvades hangiti juurde veel tehnikat, n\u00e4iteks pisemat sorti lintekskavaator ja haljastusniiduk. N\u00fc\u00fcd oli juba v\u00f5imalik valdadele ja eraisikutele kvaliteetset haljastusteenust ja trasside rajamist pakkuda. Kuna t\u00f6\u00f6maht j\u00e4rjest suurenes, siis 2012. aastal peetigi j\u00e4rgmiseks m\u00f5istlikuks sammuks rajada firma O\u00dc Vassivere Traktor.<\/em><\/p>\n<p><strong><em>Klientuur<\/em><\/strong><br \/>\n<em>Ettev\u00f5te on orienteeritud parima hinna\/kvaliteedi suhtele. P\u00f5hilise klientuuri moodustavad omavalitsused ja firmad, kuid olulised on ka eraisikud. Reklaami pole firmale otseselt tehtud ja kehtib p\u00f5him\u00f5te, et tehtud t\u00f6\u00f6 ongi reklaam.<\/em><\/p>\n<p>&nbsp;<\/p>\n","protected":false},"excerpt":{"rendered":"<p>\u00dcldist Vassivere Traktor O\u00dc m\u00fc\u00fcb ja paigaldab septikuid, biopuhasteid, mahuteid, rajab vee- ja kanalisatsioonitrasse . Firma tugineb rasketehnikale ning mille p\u00f5hiv\u00f5imsuse moodustavad masinad. Firma tegeleb peamiselt planeer- ja kaevamist\u00f6\u00f6dega, kuid pakutavate v\u00f5imaluste hulka mahuvad ka teede ja platside rajamine ja transpordit\u00f6\u00f6d. Ettev\u00f5tte andmed Vassivere Traktor O\u00dc Juhatuse esimees: Aavo J\u00f5gi Tel: 50 35 766 Reg: &hellip; <a href=\"https:\/\/vassiveretraktor.ee\/\" class=\"more-link\">Continue reading <span class=\"screen-reader-text\">Ettev\u00f5ttest<\/span> <span class=\"meta-nav\">&rarr;<\/span><\/a><\/p>\n","protected":false},"author":1,"featured_media":0,"parent":0,"menu_order":0,"comment_status":"closed","ping_status":"open","template":"","meta":{"footnotes":""},"class_list":["post-400","page","type-page","status-publish","hentry"],"_links":{"self":[{"href":"https:\/\/vassiveretraktor.ee\/index.php?rest_route=\/wp\/v2\/pages\/400"}],"collection":[{"href":"https:\/\/vassiveretraktor.ee\/index.php?rest_route=\/wp\/v2\/pages"}],"about":[{"href":"https:\/\/vassiveretraktor.ee\/index.php?rest_route=\/wp\/v2\/types\/page"}],"author":[{"embeddable":true,"href":"https:\/\/vassiveretraktor.ee\/index.php?rest_route=\/wp\/v2\/users\/1"}],"replies":[{"embeddable":true,"href":"https:\/\/vassiveretraktor.ee\/index.php?rest_route=%2Fwp%2Fv2%2Fcomments&post=400"}],"version-history":[{"count":9,"href":"https:\/\/vassiveretraktor.ee\/index.php?rest_route=\/wp\/v2\/pages\/400\/revisions"}],"predecessor-version":[{"id":548,"href":"https:\/\/vassiveretraktor.ee\/index.php?rest_route=\/wp\/v2\/pages\/400\/revisions\/548"}],"wp:attachment":[{"href":"https:\/\/vassiveretraktor.ee\/index.php?rest_route=%2Fwp%2Fv2%2Fmedia&parent=400"}],"curies":[{"name":"wp","href":"https:\/\/api.w.org\/{rel}","templated":true}]}}